{"id":61,"date":"2016-03-02T17:17:49","date_gmt":"2016-03-02T17:17:49","guid":{"rendered":"https:\/\/afkool.com\/?page_id=61"},"modified":"2016-05-24T13:41:26","modified_gmt":"2016-05-24T13:41:26","slug":"procurement","status":"publish","type":"page","link":"https:\/\/afkool.com\/pt\/procurement\/","title":{"rendered":"Procurement"},"content":{"rendered":"<p>[et_pb_section admin_label=&#8221;Section&#8221; fullwidth=&#8221;off&#8221; specialty=&#8221;off&#8221; transparent_background=&#8221;off&#8221; background_color=&#8221;#3c2a04&#8243; allow_player_pause=&#8221;off&#8221; inner_shadow=&#8221;off&#8221; parallax=&#8221;off&#8221; parallax_method=&#8221;off&#8221; custom_padding=&#8221;0px||0px|&#8221; padding_mobile=&#8221;off&#8221; make_fullwidth=&#8221;off&#8221; use_custom_width=&#8221;off&#8221; width_unit=&#8221;on&#8221; make_equal=&#8221;off&#8221; use_custom_gutter=&#8221;off&#8221;][et_pb_row admin_label=&#8221;Row&#8221; make_fullwidth=&#8221;off&#8221; use_custom_width=&#8221;off&#8221; width_unit=&#8221;on&#8221; use_custom_gutter=&#8221;off&#8221; custom_padding=&#8221;0px||0px|&#8221; padding_mobile=&#8221;off&#8221; allow_player_pause=&#8221;off&#8221; parallax=&#8221;off&#8221; parallax_method=&#8221;off&#8221; make_equal=&#8221;off&#8221; parallax_1=&#8221;off&#8221; parallax_method_1=&#8221;off&#8221; column_padding_mobile=&#8221;on&#8221;][et_pb_column type=&#8221;4_4&#8243;][et_pb_image admin_label=&#8221;Image&#8221; src=&#8221;https:\/\/afkool.com\/wp-content\/uploads\/2016\/03\/Procurement-Afkool.jpg&#8221; show_in_lightbox=&#8221;off&#8221; url_new_window=&#8221;off&#8221; use_overlay=&#8221;off&#8221; animation=&#8221;fade_in&#8221; sticky=&#8221;on&#8221; align=&#8221;center&#8221; force_fullwidth=&#8221;on&#8221; always_center_on_mobile=&#8221;on&#8221; use_border_color=&#8221;off&#8221; border_color=&#8221;#ffffff&#8221; border_style=&#8221;solid&#8221; custom_margin=&#8221;0px||0px|&#8221; alt=&#8221;Procurement &#8211; Afkool&#8221; title_text=&#8221;Procurement &#8211; Afkool&#8221;] [\/et_pb_image][\/et_pb_column][\/et_pb_row][\/et_pb_section][et_pb_section admin_label=&#8221;Section&#8221; fullwidth=&#8221;off&#8221; specialty=&#8221;off&#8221; transparent_background=&#8221;off&#8221; allow_player_pause=&#8221;off&#8221; inner_shadow=&#8221;off&#8221; parallax=&#8221;off&#8221; parallax_method=&#8221;off&#8221; custom_padding=&#8221;0px|||&#8221; padding_mobile=&#8221;off&#8221; make_fullwidth=&#8221;off&#8221; use_custom_width=&#8221;off&#8221; width_unit=&#8221;on&#8221; make_equal=&#8221;off&#8221; use_custom_gutter=&#8221;off&#8221;][et_pb_row admin_label=&#8221;Row&#8221; make_fullwidth=&#8221;off&#8221; use_custom_width=&#8221;off&#8221; width_unit=&#8221;on&#8221; use_custom_gutter=&#8221;off&#8221; padding_mobile=&#8221;off&#8221; allow_player_pause=&#8221;off&#8221; parallax=&#8221;off&#8221; parallax_method=&#8221;off&#8221; make_equal=&#8221;off&#8221; parallax_1=&#8221;off&#8221; parallax_method_1=&#8221;off&#8221; parallax_2=&#8221;off&#8221; parallax_method_2=&#8221;off&#8221; column_padding_mobile=&#8221;on&#8221;][et_pb_column type=&#8221;1_2&#8243;][et_pb_image admin_label=&#8221;Distribuidores Icone&#8221; src=&#8221;https:\/\/afkool.com\/wp-content\/uploads\/2016\/03\/Parcerias-DISTRIBIUCAO-AO.jpg&#8221; show_in_lightbox=&#8221;off&#8221; url_new_window=&#8221;off&#8221; use_overlay=&#8221;off&#8221; animation=&#8221;top&#8221; sticky=&#8221;off&#8221; align=&#8221;center&#8221; force_fullwidth=&#8221;off&#8221; always_center_on_mobile=&#8221;on&#8221; use_border_color=&#8221;off&#8221; border_color=&#8221;#ffffff&#8221; border_style=&#8221;solid&#8221;] [\/et_pb_image][et_pb_text admin_label=&#8221;Distribuidores Titulo&#8221; background_layout=&#8221;light&#8221; text_orientation=&#8221;center&#8221; text_font=&#8221;Lato||||&#8221; text_font_size=&#8221;24&#8243; use_border_color=&#8221;off&#8221; border_color=&#8221;#ffffff&#8221; border_style=&#8221;solid&#8221; text_text_color=&#8221;#3c2a04&#8243;]<\/p>\n<p style=\"text-align: center;\">DISTRIBUIDORES<\/p>\n<p>[\/et_pb_text][et_pb_text admin_label=&#8221;Distribuidores Texto&#8221; background_layout=&#8221;light&#8221; text_orientation=&#8221;left&#8221; text_font=&#8221;Lato Light||||&#8221; text_font_size=&#8221;18&#8243; use_border_color=&#8221;off&#8221; border_color=&#8221;#ffffff&#8221; border_style=&#8221;solid&#8221;]<\/p>\n<p>Temos conhecimentos e experi\u00eancia s\u00f3lida no setor de Bebidas do canal HORECA. Os nossos distribuidores necessitam de um portef\u00f3lio de marcas que responda aos desafios de um mercado muito diversificado e din\u00e2mico, seja pelo pre\u00e7o dos produtos, seja pela exclusividade, seja ainda pela inova\u00e7\u00e3o.<\/p>\n<p>Se tem um segmento de mercado em vista, mas ainda n\u00e3o encontraram o produto certo, a AFKOOL Co. DMCC\u00a0pode ser um parceiro\u00a0poderoso.<\/p>\n<p>[\/et_pb_text][\/et_pb_column][et_pb_column type=&#8221;1_2&#8243;][et_pb_image admin_label=&#8221;Produtores Icone&#8221; src=&#8221;https:\/\/afkool.com\/wp-content\/uploads\/2016\/03\/Parcerias-PRODUTORES-AO.jpg&#8221; show_in_lightbox=&#8221;off&#8221; url_new_window=&#8221;off&#8221; use_overlay=&#8221;off&#8221; animation=&#8221;top&#8221; sticky=&#8221;off&#8221; align=&#8221;center&#8221; force_fullwidth=&#8221;off&#8221; always_center_on_mobile=&#8221;on&#8221; use_border_color=&#8221;off&#8221; border_color=&#8221;#ffffff&#8221; border_style=&#8221;solid&#8221; custom_margin=&#8221;0px|||&#8221;] [\/et_pb_image][et_pb_text admin_label=&#8221;Produitores Titulo&#8221; background_layout=&#8221;light&#8221; text_orientation=&#8221;center&#8221; text_font=&#8221;Lato||||&#8221; text_font_size=&#8221;24&#8243; use_border_color=&#8221;off&#8221; border_color=&#8221;#ffffff&#8221; border_style=&#8221;solid&#8221; text_text_color=&#8221;#3c2a04&#8243;]<\/p>\n<p style=\"text-align: center;\">PRODUTORES<\/p>\n<p>[\/et_pb_text][et_pb_text admin_label=&#8221;Produtores Texto&#8221; background_layout=&#8221;light&#8221; text_orientation=&#8221;left&#8221; text_font=&#8221;Lato Light||||&#8221; text_font_size=&#8221;18&#8243; use_border_color=&#8221;off&#8221; border_color=&#8221;#ffffff&#8221; border_style=&#8221;solid&#8221;]<\/p>\n<p class=\"p1\"><span class=\"s1\">As marcas que trabalham conosco a sua internacionaliza\u00e7\u00e3o, conhecem a<span class=\"Apple-converted-space\">\u00a0 <\/span>nossa experi\u00eancia no mercado internacional e valorizam o fato de que estamos atentos \u00e0s tend\u00eancias comerciais.<\/span><\/p>\n<p class=\"p1\"><span class=\"s1\">Estas s\u00e3o boas raz\u00f5es para considerar a AFKOOL como uma pe\u00e7a chave no vosso processo de exporta\u00e7\u00e3o.<\/span><\/p>\n<p>[\/et_pb_text][\/et_pb_column][\/et_pb_row][et_pb_row admin_label=&#8221;Row&#8221;][et_pb_column type=&#8221;4_4&#8243;][et_pb_cta admin_label=&#8221;Call To Action&#8221; title=&#8221;Quem sabe se hoje n\u00e3o \u00e9 o dia certo para se iniciarem excelentes neg\u00f3cios?&#8221; url_new_window=&#8221;off&#8221; button_text=&#8221;Entre em contacto conosco&#8221; use_background_color=&#8221;off&#8221; background_color=&#8221;#ffffff&#8221; background_layout=&#8221;light&#8221; text_orientation=&#8221;center&#8221; header_font=&#8221;Lato Light||||&#8221; use_border_color=&#8221;off&#8221; border_color=&#8221;#ffffff&#8221; border_style=&#8221;solid&#8221; custom_button=&#8221;on&#8221; button_letter_spacing=&#8221;0&#8243; button_use_icon=&#8221;default&#8221; button_icon_placement=&#8221;right&#8221; button_on_hover=&#8221;on&#8221; button_letter_spacing_hover=&#8221;0&#8243; button_url=&#8221;https:\/\/afkool.com\/contactos\/&#8221; body_font=&#8221;Lato Light||||&#8221; button_font=&#8221;Lato||||&#8221;] [\/et_pb_cta][\/et_pb_column][\/et_pb_row][\/et_pb_section]<\/p>","protected":false},"excerpt":{"rendered":"<p>[et_pb_section admin_label=&#8221;Section&#8221; fullwidth=&#8221;off&#8221; specialty=&#8221;off&#8221; transparent_background=&#8221;off&#8221; background_color=&#8221;#3c2a04&#8243; allow_player_pause=&#8221;off&#8221; inner_shadow=&#8221;off&#8221; parallax=&#8221;off&#8221; parallax_method=&#8221;off&#8221; custom_padding=&#8221;0px||0px|&#8221; padding_mobile=&#8221;off&#8221; make_fullwidth=&#8221;off&#8221; use_custom_width=&#8221;off&#8221; width_unit=&#8221;on&#8221; make_equal=&#8221;off&#8221; use_custom_gutter=&#8221;off&#8221;][et_pb_row admin_label=&#8221;Row&#8221; make_fullwidth=&#8221;off&#8221; use_custom_width=&#8221;off&#8221; width_unit=&#8221;on&#8221; use_custom_gutter=&#8221;off&#8221; custom_padding=&#8221;0px||0px|&#8221; padding_mobile=&#8221;off&#8221; allow_player_pause=&#8221;off&#8221; parallax=&#8221;off&#8221; parallax_method=&#8221;off&#8221; make_equal=&#8221;off&#8221; parallax_1=&#8221;off&#8221; parallax_method_1=&#8221;off&#8221; column_padding_mobile=&#8221;on&#8221;][et_pb_column type=&#8221;4_4&#8243;][et_pb_image admin_label=&#8221;Image&#8221; src=&#8221;https:\/\/afkool.com\/wp-content\/uploads\/2016\/03\/Procurement-Afkool.jpg&#8221; show_in_lightbox=&#8221;off&#8221; url_new_window=&#8221;off&#8221; use_overlay=&#8221;off&#8221; animation=&#8221;fade_in&#8221; sticky=&#8221;on&#8221; align=&#8221;center&#8221; force_fullwidth=&#8221;on&#8221; always_center_on_mobile=&#8221;on&#8221; use_border_color=&#8221;off&#8221; border_color=&#8221;#ffffff&#8221; border_style=&#8221;solid&#8221; custom_margin=&#8221;0px||0px|&#8221; alt=&#8221;Procurement &#8211; Afkool&#8221; title_text=&#8221;Procurement &#8211; Afkool&#8221;] [\/et_pb_image][\/et_pb_column][\/et_pb_row][\/et_pb_section][et_pb_section admin_label=&#8221;Section&#8221; fullwidth=&#8221;off&#8221; [&hellip;]<\/p>\n","protected":false},"author":0,"featured_media":0,"parent":0,"menu_order":0,"comment_status":"closed","ping_status":"closed","template":"","meta":{"footnotes":""},"class_list":["post-61","page","type-page","status-publish","hentry"],"_links":{"self":[{"href":"https:\/\/afkool.com\/pt\/wp-json\/wp\/v2\/pages\/61","targetHints":{"allow":["GET"]}}],"collection":[{"href":"https:\/\/afkool.com\/pt\/wp-json\/wp\/v2\/pages"}],"about":[{"href":"https:\/\/afkool.com\/pt\/wp-json\/wp\/v2\/types\/page"}],"replies":[{"embeddable":true,"href":"https:\/\/afkool.com\/pt\/wp-json\/wp\/v2\/comments?post=61"}],"version-history":[{"count":26,"href":"https:\/\/afkool.com\/pt\/wp-json\/wp\/v2\/pages\/61\/revisions"}],"predecessor-version":[{"id":796,"href":"https:\/\/afkool.com\/pt\/wp-json\/wp\/v2\/pages\/61\/revisions\/796"}],"wp:attachment":[{"href":"https:\/\/afkool.com\/pt\/wp-json\/wp\/v2\/media?parent=61"}],"curies":[{"name":"wp","href":"https:\/\/api.w.org\/{rel}","templated":true}]}}