{"id":46,"date":"2016-03-02T17:14:23","date_gmt":"2016-03-02T17:14:23","guid":{"rendered":"https:\/\/afkool.com\/?page_id=46"},"modified":"2017-11-06T11:08:22","modified_gmt":"2017-11-06T11:08:22","slug":"empresa","status":"publish","type":"page","link":"https:\/\/afkool.com\/pt\/empresa\/","title":{"rendered":"Empresa"},"content":{"rendered":"<p>[et_pb_section admin_label=&#8221;Section&#8221; fullwidth=&#8221;off&#8221; specialty=&#8221;off&#8221; transparent_background=&#8221;off&#8221; background_color=&#8221;#3c2a04&#8243; allow_player_pause=&#8221;off&#8221; inner_shadow=&#8221;off&#8221; parallax=&#8221;off&#8221; parallax_method=&#8221;off&#8221; custom_padding=&#8221;0px||0px|&#8221; padding_mobile=&#8221;off&#8221; make_fullwidth=&#8221;off&#8221; use_custom_width=&#8221;off&#8221; width_unit=&#8221;on&#8221; make_equal=&#8221;off&#8221; use_custom_gutter=&#8221;off&#8221;][et_pb_row admin_label=&#8221;Row&#8221; make_fullwidth=&#8221;off&#8221; use_custom_width=&#8221;off&#8221; width_unit=&#8221;on&#8221; use_custom_gutter=&#8221;off&#8221; custom_padding=&#8221;0px||0px|&#8221; padding_mobile=&#8221;off&#8221; allow_player_pause=&#8221;off&#8221; parallax=&#8221;off&#8221; parallax_method=&#8221;off&#8221; make_equal=&#8221;off&#8221; parallax_1=&#8221;off&#8221; parallax_method_1=&#8221;off&#8221; column_padding_mobile=&#8221;on&#8221;][et_pb_column type=&#8221;4_4&#8243;][et_pb_image admin_label=&#8221;Image&#8221; src=&#8221;https:\/\/afkool.com\/wp-content\/uploads\/2016\/03\/Empresa-Afkool.jpg&#8221; show_in_lightbox=&#8221;off&#8221; url_new_window=&#8221;off&#8221; use_overlay=&#8221;off&#8221; animation=&#8221;fade_in&#8221; sticky=&#8221;on&#8221; align=&#8221;center&#8221; force_fullwidth=&#8221;on&#8221; always_center_on_mobile=&#8221;on&#8221; use_border_color=&#8221;off&#8221; border_color=&#8221;#ffffff&#8221; border_style=&#8221;solid&#8221; custom_margin=&#8221;0px||0px|&#8221; alt=&#8221;THE COMPANY &#8211; Afkool&#8221; title_text=&#8221;THE COMPANY &#8211; Afkool&#8221;]<\/p>\n<p>[\/et_pb_image][\/et_pb_column][\/et_pb_row][\/et_pb_section][et_pb_section admin_label=&#8221;Section&#8221; fullwidth=&#8221;off&#8221; specialty=&#8221;off&#8221; transparent_background=&#8221;off&#8221; allow_player_pause=&#8221;off&#8221; inner_shadow=&#8221;off&#8221; parallax=&#8221;off&#8221; parallax_method=&#8221;off&#8221; padding_mobile=&#8221;on&#8221; make_fullwidth=&#8221;off&#8221; use_custom_width=&#8221;off&#8221; width_unit=&#8221;on&#8221; make_equal=&#8221;off&#8221; use_custom_gutter=&#8221;off&#8221; custom_padding=&#8221;20px|||&#8221; custom_padding_last_edited=&#8221;on|desktop&#8221; custom_padding_phone=&#8221;0px|||&#8221;][et_pb_row admin_label=&#8221;Row&#8221; make_fullwidth=&#8221;off&#8221; use_custom_width=&#8221;off&#8221; width_unit=&#8221;on&#8221; use_custom_gutter=&#8221;off&#8221; custom_padding=&#8221;0px|||&#8221; padding_mobile=&#8221;off&#8221; allow_player_pause=&#8221;off&#8221; parallax=&#8221;off&#8221; parallax_method=&#8221;off&#8221; make_equal=&#8221;off&#8221; parallax_1=&#8221;off&#8221; parallax_method_1=&#8221;off&#8221; parallax_2=&#8221;off&#8221; parallax_method_2=&#8221;off&#8221; parallax_3=&#8221;off&#8221; parallax_method_3=&#8221;off&#8221; column_padding_mobile=&#8221;on&#8221;][et_pb_column type=&#8221;1_3&#8243;][et_pb_text admin_label=&#8221;Text O Neg\u00f3cio&#8221; background_layout=&#8221;light&#8221; text_orientation=&#8221;left&#8221; text_font=&#8221;Lato Light||||&#8221; text_font_size=&#8221;18&#8243; use_border_color=&#8221;off&#8221; border_color=&#8221;#ffffff&#8221; border_style=&#8221;solid&#8221;]<\/p>\n<p><strong>O NEG\u00d3CIO<\/strong><\/p>\n<p>Importa\u00e7\u00e3o, exporta\u00e7\u00e3o e comercializa\u00e7\u00e3o de uma grande variedade de produtos e mercadorias:<\/p>\n<ul>\n<li>Produtos alimentares<\/li>\n<li>Bebidas sem \u00e1lcool<\/li>\n<li>M\u00e1quinas e pe\u00e7as para ind\u00fastria<\/li>\n<li>Materiais para constru\u00e7\u00e3o<\/li>\n<li>Fardas<\/li>\n<li>Produtos Farmac\u00eauticos<\/li>\n<li>Ve\u00edculos<\/li>\n<li>Produtos alimentares<\/li>\n<\/ul>\n<p>[\/et_pb_text][et_pb_text admin_label=&#8221;Text ESP\u00cdRITO DA MARCAt&#8221; background_layout=&#8221;light&#8221; text_orientation=&#8221;left&#8221; text_font=&#8221;Lato Light||||&#8221; text_font_size=&#8221;18&#8243; use_border_color=&#8221;off&#8221; border_color=&#8221;#ffffff&#8221; border_style=&#8221;solid&#8221;]<\/p>\n<p><strong>ESP\u00cdRITO DA MARCA<\/strong><\/p>\n<p>Exportar o que de melhor Portugal tem. Desenvolver pontes comerciais entre\u00a0diversos mercados de forma sustentada.<\/p>\n<p>[\/et_pb_text][\/et_pb_column][et_pb_column type=&#8221;1_3&#8243;][et_pb_text admin_label=&#8221;Text Pa\u00edses&#8221; background_layout=&#8221;light&#8221; text_orientation=&#8221;left&#8221; text_font=&#8221;Lato Light||||&#8221; text_font_size=&#8221;18&#8243; use_border_color=&#8221;off&#8221; border_color=&#8221;#ffffff&#8221; border_style=&#8221;solid&#8221;]<\/p>\n<p><strong>\u00c1FRICA<br \/>\n<\/strong>Mercado onde os fundadores iniciaram o Trading em Luanda em 1993. Exist\u00eancia de contactos e parcerias firmes com produtores, log\u00edstica e entidades financeiras.<\/p>\n<p><strong>\u00c1SIA<\/strong><br \/>\nUm grande projecto por explorar que conta ainda com uma pequena presen\u00e7a nossa.<\/p>\n<p><strong>M\u00c9DIO ORIENTE<br \/>\n<\/strong>Um mercado em franco crescimento, com um mundo de oportunidades para trazer novos e mais produtores.<\/p>\n<p><strong>SUB-CONTINENTE INDIANO<\/strong><br \/>\nO mercado que, apesar de ainda ser bastante fechado, tem o maior potencial de crescimento.<\/p>\n<p>[\/et_pb_text][et_pb_text admin_label=&#8221;Text Outros Mercados&#8221; background_layout=&#8221;light&#8221; text_orientation=&#8221;left&#8221; text_font=&#8221;Lato Light||||&#8221; text_font_size=&#8221;18&#8243; use_border_color=&#8221;off&#8221; border_color=&#8221;#ffffff&#8221; border_style=&#8221;solid&#8221; disabled=&#8221;off&#8221; disabled_on=&#8221;off||&#8221;]<\/p>\n<p><strong>OUTROS MERCADOS<\/strong><br \/>\nTemos rela\u00e7\u00f5es comerciais com Mo\u00e7ambique, Cabo Verde, Guin\u00e9-Bissau \u00a0e S\u00e3o Tom\u00e9 e Pr\u00edncipe.<\/p>\n<p>[\/et_pb_text][\/et_pb_column][et_pb_column type=&#8221;1_3&#8243;][et_pb_text admin_label=&#8221;Text FICHA T\u00c9CNICA&#8221; background_layout=&#8221;light&#8221; text_orientation=&#8221;left&#8221; text_font=&#8221;Lato Light||||&#8221; text_font_size=&#8221;18&#8243; use_border_color=&#8221;off&#8221; border_color=&#8221;#ffffff&#8221; border_style=&#8221;solid&#8221;]<\/p>\n<p><strong>DETALHES<\/strong><\/p>\n<p><strong>Nome:<\/strong> AFKOOL Co DMCC<br \/>\n<strong>Sede:<\/strong> JBC4 Tower \u2013 Office no 1101,\u00a0Cluster N \u2013\u00a0Jumeirah Lakes Towers \u2013\u00a0Dubai,\u00a0United Arab Emirates<br \/>\n<strong>Ano de funda\u00e7\u00e3o:<\/strong> 2015<br \/>\n<strong>Registo:<\/strong>\u00a0DMCC 33508<\/p>\n<p>[\/et_pb_text][\/et_pb_column][\/et_pb_row][\/et_pb_section]<\/p>","protected":false},"excerpt":{"rendered":"<p>[et_pb_section admin_label=&#8221;Section&#8221; fullwidth=&#8221;off&#8221; specialty=&#8221;off&#8221; transparent_background=&#8221;off&#8221; background_color=&#8221;#3c2a04&#8243; allow_player_pause=&#8221;off&#8221; inner_shadow=&#8221;off&#8221; parallax=&#8221;off&#8221; parallax_method=&#8221;off&#8221; custom_padding=&#8221;0px||0px|&#8221; padding_mobile=&#8221;off&#8221; make_fullwidth=&#8221;off&#8221; use_custom_width=&#8221;off&#8221; width_unit=&#8221;on&#8221; make_equal=&#8221;off&#8221; use_custom_gutter=&#8221;off&#8221;][et_pb_row admin_label=&#8221;Row&#8221; make_fullwidth=&#8221;off&#8221; use_custom_width=&#8221;off&#8221; width_unit=&#8221;on&#8221; use_custom_gutter=&#8221;off&#8221; custom_padding=&#8221;0px||0px|&#8221; padding_mobile=&#8221;off&#8221; allow_player_pause=&#8221;off&#8221; parallax=&#8221;off&#8221; parallax_method=&#8221;off&#8221; make_equal=&#8221;off&#8221; parallax_1=&#8221;off&#8221; parallax_method_1=&#8221;off&#8221; column_padding_mobile=&#8221;on&#8221;][et_pb_column type=&#8221;4_4&#8243;][et_pb_image admin_label=&#8221;Image&#8221; src=&#8221;https:\/\/afkool.com\/wp-content\/uploads\/2016\/03\/Empresa-Afkool.jpg&#8221; show_in_lightbox=&#8221;off&#8221; url_new_window=&#8221;off&#8221; use_overlay=&#8221;off&#8221; animation=&#8221;fade_in&#8221; sticky=&#8221;on&#8221; align=&#8221;center&#8221; force_fullwidth=&#8221;on&#8221; always_center_on_mobile=&#8221;on&#8221; use_border_color=&#8221;off&#8221; border_color=&#8221;#ffffff&#8221; border_style=&#8221;solid&#8221; custom_margin=&#8221;0px||0px|&#8221; alt=&#8221;THE COMPANY &#8211; Afkool&#8221; title_text=&#8221;THE COMPANY &#8211; Afkool&#8221;] [\/et_pb_image][\/et_pb_column][\/et_pb_row][\/et_pb_section][et_pb_section [&hellip;]<\/p>\n","protected":false},"author":0,"featured_media":0,"parent":0,"menu_order":0,"comment_status":"closed","ping_status":"closed","template":"","meta":{"footnotes":""},"class_list":["post-46","page","type-page","status-publish","hentry"],"_links":{"self":[{"href":"https:\/\/afkool.com\/pt\/wp-json\/wp\/v2\/pages\/46","targetHints":{"allow":["GET"]}}],"collection":[{"href":"https:\/\/afkool.com\/pt\/wp-json\/wp\/v2\/pages"}],"about":[{"href":"https:\/\/afkool.com\/pt\/wp-json\/wp\/v2\/types\/page"}],"replies":[{"embeddable":true,"href":"https:\/\/afkool.com\/pt\/wp-json\/wp\/v2\/comments?post=46"}],"version-history":[{"count":101,"href":"https:\/\/afkool.com\/pt\/wp-json\/wp\/v2\/pages\/46\/revisions"}],"predecessor-version":[{"id":884,"href":"https:\/\/afkool.com\/pt\/wp-json\/wp\/v2\/pages\/46\/revisions\/884"}],"wp:attachment":[{"href":"https:\/\/afkool.com\/pt\/wp-json\/wp\/v2\/media?parent=46"}],"curies":[{"name":"wp","href":"https:\/\/api.w.org\/{rel}","templated":true}]}}